{"id":151,"date":"2025-02-06T08:30:46","date_gmt":"2025-02-06T08:30:46","guid":{"rendered":"https:\/\/andtekki.com\/?page_id=151"},"modified":"2025-03-12T13:28:30","modified_gmt":"2025-03-12T13:28:30","slug":"about-us","status":"publish","type":"page","link":"https:\/\/andtekki.com\/fr\/about-us\/","title":{"rendered":"\u00c0 propos de nous"},"content":{"rendered":"<div class=\"wpb-content-wrapper\"><div class=\"vc_row wpb_row vc_row-fluid works-row vc_custom_1738963771278 wd-rs-67a67b36b9632 wd-section-stretch\"><div class=\"wpb_column vc_column_container vc_col-sm-12 wd-rs-67a678c8217e2\"><div class=\"vc_column-inner vc_custom_1738963159014\"><div class=\"wpb_wrapper\">\t\t\t<div class=\"info-box-wrapper\">\n\t\t\t\t<div id=\"wd-67ad07ddb5e4f\" class=\"wd-rs-67ad07ddb5e4f wd-info-box wd-wpb text-center box-icon-align-top box-style- color-scheme- wd-bg-none vc_custom_1739393076772\">\n\t\t\t\t\t\t\t\t\t\t<div class=\"info-box-content\">\n\t\t\t\t\t\t<h2 class=\"info-box-title title wd-font-weight-400 box-title-style-default font-primary wd-fontsize-m\">D\u00e9couvrez notre entreprise<\/h2>\t\t\t\t\t\t<div class=\"info-box-inner reset-last-child\"><p>Chez AND TEKKI, nous sommes bien plus qu\u2019une entreprise ; nous sommes un mouvement d\u00e9di\u00e9 \u00e0 la cr\u00e9ation d\u2019opportunit\u00e9s significatives et \u00e0 la promotion de l\u2019innovation. Depuis notre cr\u00e9ation, nous nous engageons \u00e0 provoquer le changement et \u00e0 avoir un impact durable sur le paysage professionnel. Notre mission est de connecter les talents aux opportunit\u00e9s, en permettant aux individus et aux entreprises de prosp\u00e9rer dans un monde en constante \u00e9volution.<\/p>\n<\/div>\n\n\t\t\t\t\t\t\t\t\t\t\t<\/div>\n\n\t\t\t\t\t\n\t\t\t\t\t<style><\/style>\t\t\t\t<\/div>\n\t\t\t<\/div>\n\t\t<div class=\"vc_row wpb_row vc_inner vc_row-fluid vc_column-gap-25 vc_row-o-content-middle vc_row-flex wd-rs-67a67bb9d04bc\"><div class=\"wpb_column vc_column_container vc_col-sm-6 wd-rs-67a690366c172\"><div class=\"vc_column-inner vc_custom_1738969146188\"><div class=\"wpb_wrapper\">\n\t\t<ul class=\"wd-rs-67ad0b781c661 wd-list wd-wpb color-scheme- wd-fontsize-s wd-type-image wd-style-default text-left list-style\" id=\"wd-67ad0b781c661\">\n\t\t\t\t\t\t\t\t\t\t\t<li>\n\t\t\t\t\t<span class=\"wd-icon list-icon\"><img loading=\"lazy\" decoding=\"async\" width=\"27\" height=\"27\" src=\"https:\/\/andtekki.com\/wp-content\/uploads\/2025\/02\/Check-icon-min-27x27.png\" class=\"attachment-27x27 size-27x27\" alt=\"\" srcset=\"https:\/\/andtekki.com\/wp-content\/uploads\/2025\/02\/Check-icon-min-27x27.png 27w, https:\/\/andtekki.com\/wp-content\/uploads\/2025\/02\/Check-icon-min.png 41w\" sizes=\"auto, (max-width: 27px) 100vw, 27px\" \/><\/span>\n\t\t\t\t\t<span class=\"wd-list-content list-content\"><h4>Stimuler l\u2019innovation, cr\u00e9er des opportunit\u00e9s<\/h4>\n<p>Chez AND TEKKI, nous nous engageons \u00e0 favoriser l'innovation et \u00e0 cr\u00e9er des opportunit\u00e9s significatives pour les individus et les entreprises. Notre mission est de combler le foss\u00e9 entre le talent et l'opportunit\u00e9, en favorisant la croissance et le succ\u00e8s dans un monde dynamique.<\/p><\/span>\n\t\t\t\t\t\t\t\t\t<\/li>\n\t\t\t\t\t\t\t\t\t\t\t<li>\n\t\t\t\t\t<span class=\"wd-icon list-icon\"><img loading=\"lazy\" decoding=\"async\" width=\"27\" height=\"27\" src=\"https:\/\/andtekki.com\/wp-content\/uploads\/2025\/02\/Check-icon-min-27x27.png\" class=\"attachment-27x27 size-27x27\" alt=\"\" srcset=\"https:\/\/andtekki.com\/wp-content\/uploads\/2025\/02\/Check-icon-min-27x27.png 27w, https:\/\/andtekki.com\/wp-content\/uploads\/2025\/02\/Check-icon-min.png 41w\" sizes=\"auto, (max-width: 27px) 100vw, 27px\" \/><\/span>\n\t\t\t\t\t<span class=\"wd-list-content list-content\"><h4>Un h\u00e9ritage d'excellence<\/h4>\n<p>Avec un parcours \u00e9prouv\u00e9 et un engagement envers la qualit\u00e9, nous sommes devenus un partenaire de confiance pour plus de 3 500 clients. Des startups aux entreprises \u00e9tablies, nous offrons des solutions sur mesure qui g\u00e9n\u00e8rent des r\u00e9sultats et inspirent la cr\u00e9ativit\u00e9.<\/p><\/span>\n\t\t\t\t\t\t\t\t\t<\/li>\n\t\t\t\t\t<\/ul>\n\t\t<\/div><\/div><\/div><div class=\"wpb_column vc_column_container vc_col-sm-6\"><div class=\"vc_column-inner\"><div class=\"wpb_wrapper\">\t\t<div id=\"wd-67a68febdcd89\" class=\"wd-image wd-wpb wd-rs-67a68febdcd89 text-left vc_custom_1738969080524 img-br-10\">\n\t\t\t\n\t\t\t<img loading=\"lazy\" decoding=\"async\" width=\"374\" height=\"333\" src=\"https:\/\/andtekki.com\/wp-content\/uploads\/2025\/02\/Rectangle-34624192.jpg\" class=\"attachment-large size-large\" alt=\"\" srcset=\"https:\/\/andtekki.com\/wp-content\/uploads\/2025\/02\/Rectangle-34624192.jpg 374w, https:\/\/andtekki.com\/wp-content\/uploads\/2025\/02\/Rectangle-34624192-300x267.jpg 300w\" sizes=\"auto, (max-width: 374px) 100vw, 374px\" \/>\n\t\t\t\t\t<\/div>\n\t\t<\/div><\/div><\/div><\/div><\/div><\/div><\/div><\/div><div class=\"vc_row wpb_row vc_row-fluid vc_custom_1738969116965 vc_row-has-fill wd-rs-67a690138b4fa wd-section-stretch\"><div class=\"wpb_column vc_column_container vc_col-sm-9 vc_col-lg-7 vc_col-md-8 wd-rs-67a67dfd1310c\"><div class=\"vc_column-inner\"><div class=\"wpb_wrapper\">\t\t\t<div class=\"info-box-wrapper\">\n\t\t\t\t<div id=\"wd-67a67df75514e\" class=\"wd-rs-67a67df75514e wd-info-box wd-wpb text-left box-icon-align-top box-style- color-scheme- wd-bg-none\">\n\t\t\t\t\t\t\t\t\t\t<div class=\"info-box-content\">\n\t\t\t\t\t\t<h2 class=\"info-box-title title wd-font-weight-700 box-title-style-default font-primary wd-fontsize-m\">Ensemble, nous pouvons apporter plus de cr\u00e9ativit\u00e9 au monde<\/h2>\t\t\t\t\t\t<div class=\"info-box-inner reset-last-child\"><\/div>\n\n\t\t\t\t\t\t\t\t\t\t\t<\/div>\n\n\t\t\t\t\t\n\t\t\t\t\t<style><\/style>\t\t\t\t<\/div>\n\t\t\t<\/div>\n\t\t<div id=\"wd-67a3c12188e32\" class=\"wd-rs-67a3c12188e32  wd-button-wrapper text-center inline-element\"><a href=\"#\" title=\"\" class=\"btn btn-color-white btn-style-bordered btn-shape-round btn-size-default primary-bordered-btn primary-bordered-btn-light\">Explorer les startups<\/a><\/div><\/div><\/div><\/div><div class=\"wpb_column vc_column_container vc_col-sm-3 vc_col-lg-5 vc_col-md-4 vc_hidden-sm vc_hidden-xs wd-rs-67a67e0a0ba3b\"><div class=\"vc_column-inner\"><div class=\"wpb_wrapper\"><\/div><\/div><\/div><\/div><section class=\"vc_section vc_custom_1738969503199 wd-rs-67a6919c6776e\"><div class=\"vc_row wpb_row vc_row-fluid choose-us-row vc_row-o-content-middle vc_row-flex wd-rs-67a3bb9b486e2\"><div class=\"wpb_column vc_column_container vc_col-sm-7\"><div class=\"vc_column-inner\"><div class=\"wpb_wrapper\"><div class=\"vc_row wpb_row vc_inner vc_row-fluid trusted-boxes-col vc_row-o-equal-height vc_row-o-content-middle vc_row-flex wd-rs-67a3bb2025fdc\"><div class=\"wpb_column trusted-box-col vc_column_container vc_col-sm-6 vc_col-xs-6 wd-rs-67a3b687d774d\"><div class=\"vc_column-inner vc_custom_1738782374576\"><div class=\"wpb_wrapper\">\t\t\t<div class=\"info-box-wrapper\">\n\t\t\t\t<div id=\"wd-67d18bf4866fe\" class=\"wd-rs-67d18bf4866fe wd-info-box wd-wpb text-left box-icon-align-top box-style- color-scheme- wd-bg-none trusted-box vc_custom_1741786103128\">\n\t\t\t\t\t\t\t\t\t\t<div class=\"info-box-content\">\n\t\t\t\t\t\t<h4 class=\"info-box-title title wd-font-weight-400 box-title-style-default font-primary wd-fontsize-m\">AU SERVICE DU S\u00c9N\u00c9GAL ET DE\u00a0L'AFRIQUE<\/h4>\t\t\t\t\t\t<div class=\"info-box-inner reset-last-child\"><\/div>\n\n\t\t\t\t\t\t\t\t\t\t\t<\/div>\n\n\t\t\t\t\t\n\t\t\t\t\t<style><\/style>\t\t\t\t<\/div>\n\t\t\t<\/div>\n\t\t<\/div><\/div><\/div><div class=\"wpb_column vc_column_container vc_col-sm-6 vc_col-xs-6 wd-rs-67a3b656ab417\"><div class=\"vc_column-inner vc_custom_1738782301526\"><div class=\"wpb_wrapper\">\t\t<div id=\"wd-67a68bcfd68c2\" class=\"wd-image wd-wpb wd-rs-67a68bcfd68c2 text-left vc_custom_1738968031949\">\n\t\t\t\n\t\t\t<img loading=\"lazy\" decoding=\"async\" width=\"450\" height=\"381\" src=\"https:\/\/andtekki.com\/wp-content\/uploads\/2025\/02\/image-381.jpg\" class=\"attachment-large size-large\" alt=\"\" srcset=\"https:\/\/andtekki.com\/wp-content\/uploads\/2025\/02\/image-381.jpg 450w, https:\/\/andtekki.com\/wp-content\/uploads\/2025\/02\/image-381-300x254.jpg 300w\" sizes=\"auto, (max-width: 450px) 100vw, 450px\" \/>\n\t\t\t\t\t<\/div>\n\t\t<\/div><\/div><\/div><div class=\"wpb_column vc_column_container vc_col-sm-6 vc_col-xs-6 wd-rs-67a3b62c14221\"><div class=\"vc_column-inner vc_custom_1738782260115\"><div class=\"wpb_wrapper\">\t\t<div id=\"wd-67a68be369372\" class=\"wd-image wd-wpb wd-rs-67a68be369372 text-left vc_custom_1738968046059\">\n\t\t\t\n\t\t\t<img loading=\"lazy\" decoding=\"async\" width=\"453\" height=\"390\" src=\"https:\/\/andtekki.com\/wp-content\/uploads\/2025\/02\/image-381-1.jpg\" class=\"attachment-large size-large\" alt=\"\" srcset=\"https:\/\/andtekki.com\/wp-content\/uploads\/2025\/02\/image-381-1.jpg 453w, https:\/\/andtekki.com\/wp-content\/uploads\/2025\/02\/image-381-1-300x258.jpg 300w\" sizes=\"auto, (max-width: 453px) 100vw, 453px\" \/>\n\t\t\t\t\t<\/div>\n\t\t<\/div><\/div><\/div><div class=\"wpb_column vc_column_container vc_col-sm-6 vc_col-xs-6 wd-rs-67a3b6353bccf\"><div class=\"vc_column-inner vc_custom_1738782267781\"><div class=\"wpb_wrapper\">\t\t<div id=\"wd-67a68bf024b09\" class=\"wd-image wd-wpb wd-rs-67a68bf024b09 text-left vc_custom_1738968054717\">\n\t\t\t\n\t\t\t<img loading=\"lazy\" decoding=\"async\" width=\"450\" height=\"390\" src=\"https:\/\/andtekki.com\/wp-content\/uploads\/2025\/02\/image-377.jpg\" class=\"attachment-large size-large\" alt=\"\" srcset=\"https:\/\/andtekki.com\/wp-content\/uploads\/2025\/02\/image-377.jpg 450w, https:\/\/andtekki.com\/wp-content\/uploads\/2025\/02\/image-377-300x260.jpg 300w\" sizes=\"auto, (max-width: 450px) 100vw, 450px\" \/>\n\t\t\t\t\t<\/div>\n\t\t<\/div><\/div><\/div><\/div><\/div><\/div><\/div><div class=\"wpb_column vc_column_container vc_col-sm-5 wd-rs-67a3df5de94af\"><div class=\"vc_column-inner vc_custom_1738792801815\"><div class=\"wpb_wrapper\">\t\t\t<div class=\"info-box-wrapper\">\n\t\t\t\t<div id=\"wd-67a6918026f4e\" class=\"wd-rs-67a6918026f4e wd-info-box wd-wpb text-left box-icon-align-top box-style- color-scheme- wd-bg-none\">\n\t\t\t\t\t\t\t\t\t\t<div class=\"info-box-content\">\n\t\t\t\t\t\t<h2 class=\"info-box-title title wd-font-weight-400 box-title-style-default font-primary wd-fontsize-m\">Pourquoi nous choisir<\/h2>\t\t\t\t\t\t<div class=\"info-box-inner reset-last-child\"><\/div>\n\n\t\t\t\t\t\t\t\t\t\t\t<\/div>\n\n\t\t\t\t\t\n\t\t\t\t\t<style><\/style>\t\t\t\t<\/div>\n\t\t\t<\/div>\n\t\t\n\t\t<ul class=\"wd-rs-67ad1dfee2c4e wd-list wd-wpb color-scheme- wd-fontsize-s wd-type-image wd-style-default text-left list-style\" id=\"wd-67ad1dfee2c4e\">\n\t\t\t\t\t\t\t\t\t\t\t<li>\n\t\t\t\t\t<span class=\"wd-icon list-icon\"><img loading=\"lazy\" decoding=\"async\" width=\"27\" height=\"27\" src=\"https:\/\/andtekki.com\/wp-content\/uploads\/2025\/02\/Check-icon-min-27x27.png\" class=\"attachment-27x27 size-27x27\" alt=\"\" srcset=\"https:\/\/andtekki.com\/wp-content\/uploads\/2025\/02\/Check-icon-min-27x27.png 27w, https:\/\/andtekki.com\/wp-content\/uploads\/2025\/02\/Check-icon-min.png 41w\" sizes=\"auto, (max-width: 27px) 100vw, 27px\" \/><\/span>\n\t\t\t\t\t<span class=\"wd-list-content list-content\"><h4>Expertise \u00e9prouv\u00e9e, r\u00e9sultats exceptionnels<\/h4>\n<p>Avec des ann\u00e9es d\u2019exp\u00e9rience et un portefeuille de projets r\u00e9ussis, nous apportons une expertise in\u00e9gal\u00e9e \u00e0 chaque partenariat. Notre engagement envers l\u2019excellence garantit des r\u00e9sultats qui d\u00e9passent les attentes.<\/p><\/span>\n\t\t\t\t\t\t\t\t\t<\/li>\n\t\t\t\t\t\t\t\t\t\t\t<li>\n\t\t\t\t\t<span class=\"wd-icon list-icon\"><img loading=\"lazy\" decoding=\"async\" width=\"27\" height=\"27\" src=\"https:\/\/andtekki.com\/wp-content\/uploads\/2025\/02\/Check-icon-min-27x27.png\" class=\"attachment-27x27 size-27x27\" alt=\"\" srcset=\"https:\/\/andtekki.com\/wp-content\/uploads\/2025\/02\/Check-icon-min-27x27.png 27w, https:\/\/andtekki.com\/wp-content\/uploads\/2025\/02\/Check-icon-min.png 41w\" sizes=\"auto, (max-width: 27px) 100vw, 27px\" \/><\/span>\n\t\t\t\t\t<span class=\"wd-list-content list-content\"><h4>Des solutions sur mesure pour votre succ\u00e8s<\/h4>\n<p>Chez AND TEKKI, nous comprenons que chaque entreprise est unique. C\u2019est pourquoi nous proposons des solutions personnalis\u00e9es con\u00e7ues pour r\u00e9pondre \u00e0 vos besoins sp\u00e9cifiques, vous aidant ainsi \u00e0 atteindre vos objectifs avec pr\u00e9cision et cr\u00e9ativit\u00e9.<\/p><\/span>\n\t\t\t\t\t\t\t\t\t<\/li>\n\t\t\t\t\t<\/ul>\n\t\t<\/div><\/div><\/div><\/div><div class=\"vc_row wpb_row vc_row-fluid why-us-boxes-row vc_custom_1741105204840 vc_row-has-fill wd-rs-67c728308b265\"><div class=\"wpb_column vc_column_container vc_col-sm-12\"><div class=\"vc_column-inner\"><div class=\"wpb_wrapper\"><div class=\"vc_row wpb_row vc_inner vc_row-fluid\"><div class=\"wpb_column vc_column_container vc_col-sm-4 vc_col-xs-6 wd-rs-67a4a7dc7adf5\"><div class=\"vc_column-inner\"><div class=\"wpb_wrapper\">\t\t\t<div class=\"info-box-wrapper\">\n\t\t\t\t<div id=\"wd-67c7287fa0700\" class=\"wd-rs-67c7287fa0700 wd-info-box wd-wpb text-center box-icon-align-top box-style- color-scheme- wd-bg-none\">\n\t\t\t\t\t\t\t\t\t\t\t<div class=\"box-icon-wrapper  box-with-icon box-icon-simple\">\n\t\t\t\t\t\t\t<div class=\"info-box-icon\">\n\n\t\t\t\t\t\t\t\n\t\t\t\t\t\t\t\t\t\t\t\t\t\t\t\t\t<div class=\"info-svg-wrapper\" style=\"width: 116px;height: 116px;\"><img decoding=\"async\"  src=\"https:\/\/andtekki.com\/wp-content\/uploads\/2025\/02\/Group-2450.svg\" title=\"Group 2450\" loading=\"lazy\" width=\"116\" height=\"116\"><\/div>\t\t\t\t\t\t\t\t\t\t\t\t\t\t\t\n\t\t\t\t\t\t\t<\/div>\n\t\t\t\t\t\t<\/div>\n\t\t\t\t\t\t\t\t\t\t<div class=\"info-box-content\">\n\t\t\t\t\t\t<h4 class=\"info-box-title title wd-font-weight-400 box-title-style-default font-primary wd-fontsize-m\">6+<\/h4>\t\t\t\t\t\t<div class=\"info-box-inner reset-last-child\"><p>Projets r\u00e9alis\u00e9s<\/p>\n<\/div>\n\n\t\t\t\t\t\t\t\t\t\t\t<\/div>\n\n\t\t\t\t\t\n\t\t\t\t\t\t\t\t\t<\/div>\n\t\t\t<\/div>\n\t\t<\/div><\/div><\/div><div class=\"wpb_column vc_column_container vc_col-sm-4 vc_col-xs-6 wd-rs-67a4a7edac859\"><div class=\"vc_column-inner\"><div class=\"wpb_wrapper\">\t\t\t<div class=\"info-box-wrapper\">\n\t\t\t\t<div id=\"wd-67c7294cc3240\" class=\"wd-rs-67c7294cc3240 wd-info-box wd-wpb text-center box-icon-align-top box-style- color-scheme- wd-bg-none\">\n\t\t\t\t\t\t\t\t\t\t\t<div class=\"box-icon-wrapper  box-with-icon box-icon-simple\">\n\t\t\t\t\t\t\t<div class=\"info-box-icon\">\n\n\t\t\t\t\t\t\t\n\t\t\t\t\t\t\t\t\t\t\t\t\t\t\t\t\t<div class=\"info-svg-wrapper\" style=\"width: 116px;height: 116px;\"><img decoding=\"async\"  src=\"https:\/\/andtekki.com\/wp-content\/uploads\/2025\/02\/Group-2451.svg\" title=\"Group 2451\" loading=\"lazy\" width=\"116\" height=\"116\"><\/div>\t\t\t\t\t\t\t\t\t\t\t\t\t\t\t\n\t\t\t\t\t\t\t<\/div>\n\t\t\t\t\t\t<\/div>\n\t\t\t\t\t\t\t\t\t\t<div class=\"info-box-content\">\n\t\t\t\t\t\t<h4 class=\"info-box-title title wd-font-weight-400 box-title-style-default font-primary wd-fontsize-m\">76000000 CFA<\/h4>\t\t\t\t\t\t<div class=\"info-box-inner reset-last-child\"><p>Fonds lev\u00e9s \u00e0 ce jour<\/p>\n<\/div>\n\n\t\t\t\t\t\t\t\t\t\t\t<\/div>\n\n\t\t\t\t\t\n\t\t\t\t\t\t\t\t\t<\/div>\n\t\t\t<\/div>\n\t\t<\/div><\/div><\/div><div class=\"wpb_column vc_column_container vc_col-sm-4 vc_col-xs-6 wd-rs-67a4a7f311ce8\"><div class=\"vc_column-inner\"><div class=\"wpb_wrapper\">\t\t\t<div class=\"info-box-wrapper\">\n\t\t\t\t<div id=\"wd-67c728cf4f497\" class=\"wd-rs-67c728cf4f497 wd-info-box wd-wpb text-center box-icon-align-top box-style- color-scheme- wd-bg-none\">\n\t\t\t\t\t\t\t\t\t\t\t<div class=\"box-icon-wrapper  box-with-icon box-icon-simple\">\n\t\t\t\t\t\t\t<div class=\"info-box-icon\">\n\n\t\t\t\t\t\t\t\n\t\t\t\t\t\t\t\t\t\t\t\t\t\t\t\t\t<div class=\"info-svg-wrapper\" style=\"width: 116px;height: 116px;\"><img decoding=\"async\"  src=\"https:\/\/andtekki.com\/wp-content\/uploads\/2025\/02\/Group-2452.svg\" title=\"Group 2452\" loading=\"lazy\" width=\"116\" height=\"116\"><\/div>\t\t\t\t\t\t\t\t\t\t\t\t\t\t\t\n\t\t\t\t\t\t\t<\/div>\n\t\t\t\t\t\t<\/div>\n\t\t\t\t\t\t\t\t\t\t<div class=\"info-box-content\">\n\t\t\t\t\t\t<h4 class=\"info-box-title title wd-font-weight-400 box-title-style-default font-primary wd-fontsize-m\">12+<\/h4>\t\t\t\t\t\t<div class=\"info-box-inner reset-last-child\"><p>Financements partenaires<\/p>\n<\/div>\n\n\t\t\t\t\t\t\t\t\t\t\t<\/div>\n\n\t\t\t\t\t\n\t\t\t\t\t\t\t\t\t<\/div>\n\t\t\t<\/div>\n\t\t<\/div><\/div><\/div><\/div><\/div><\/div><\/div><\/div><\/section>\n<\/div>","protected":false},"excerpt":{"rendered":"Learn About Our Company At AND TEKKI, we are more than just a company; we are a movement dedicated to","protected":false},"author":1,"featured_media":0,"parent":0,"menu_order":0,"comment_status":"closed","ping_status":"closed","template":"","meta":{"_acf_changed":false,"footnotes":""},"class_list":["post-151","page","type-page","status-publish","hentry"],"acf":[],"_links":{"self":[{"href":"https:\/\/andtekki.com\/fr\/wp-json\/wp\/v2\/pages\/151","targetHints":{"allow":["GET"]}}],"collection":[{"href":"https:\/\/andtekki.com\/fr\/wp-json\/wp\/v2\/pages"}],"about":[{"href":"https:\/\/andtekki.com\/fr\/wp-json\/wp\/v2\/types\/page"}],"author":[{"embeddable":true,"href":"https:\/\/andtekki.com\/fr\/wp-json\/wp\/v2\/users\/1"}],"replies":[{"embeddable":true,"href":"https:\/\/andtekki.com\/fr\/wp-json\/wp\/v2\/comments?post=151"}],"version-history":[{"count":17,"href":"https:\/\/andtekki.com\/fr\/wp-json\/wp\/v2\/pages\/151\/revisions"}],"predecessor-version":[{"id":524,"href":"https:\/\/andtekki.com\/fr\/wp-json\/wp\/v2\/pages\/151\/revisions\/524"}],"wp:attachment":[{"href":"https:\/\/andtekki.com\/fr\/wp-json\/wp\/v2\/media?parent=151"}],"curies":[{"name":"wp","href":"https:\/\/api.w.org\/{rel}","templated":true}]}}