{"id":316,"date":"2025-02-08T10:46:05","date_gmt":"2025-02-08T10:46:05","guid":{"rendered":"https:\/\/andtekki.com\/?page_id=316"},"modified":"2025-02-08T12:37:21","modified_gmt":"2025-02-08T12:37:21","slug":"contact-us","status":"publish","type":"page","link":"https:\/\/andtekki.com\/fr\/contact-us\/","title":{"rendered":"Contactez-nous"},"content":{"rendered":"<div class=\"wpb-content-wrapper\"><div class=\"vc_row wpb_row vc_row-fluid works-row vc_custom_1739014007798 wd-rs-67a73f707b357\"><div class=\"wpb_column vc_column_container vc_col-sm-12 wd-rs-67a74fb3dbc1b\"><div class=\"vc_column-inner vc_custom_1739018239717\"><div class=\"wpb_wrapper\">\n<div class=\"wpcf7 no-js\" id=\"wpcf7-f342-o1\" lang=\"en-US\" dir=\"ltr\" data-wpcf7-id=\"342\">\n<div class=\"screen-reader-response\"><p role=\"status\" aria-live=\"polite\" aria-atomic=\"true\"><\/p> <ul><\/ul><\/div>\n<form action=\"\/fr\/wp-json\/wp\/v2\/pages\/316#wpcf7-f342-o1\" method=\"post\" class=\"wpcf7-form init\" aria-label=\"Contact form\" novalidate=\"novalidate\" data-status=\"init\">\n<fieldset class=\"hidden-fields-container\"><input type=\"hidden\" name=\"_wpcf7\" value=\"342\" \/><input type=\"hidden\" name=\"_wpcf7_version\" value=\"6.1.4\" \/><input type=\"hidden\" name=\"_wpcf7_locale\" value=\"en_US\" \/><input type=\"hidden\" name=\"_wpcf7_unit_tag\" value=\"wpcf7-f342-o1\" \/><input type=\"hidden\" name=\"_wpcf7_container_post\" value=\"0\" \/><input type=\"hidden\" name=\"_wpcf7_posted_data_hash\" value=\"\" \/>\n<\/fieldset>\n<div class=\"general-contact-form\">\n\t<div class=\"row cf-field\">\n\t\t<div class=\"col-md-6\">\n\t\t\t<p><label class=\"form-label\">Pr\u00e9nom<\/label><span class=\"wpcf7-form-control-wrap\" data-name=\"first-name\"><input size=\"40\" maxlength=\"400\" class=\"wpcf7-form-control wpcf7-text wpcf7-validates-as-required field\" aria-required=\"true\" aria-invalid=\"false\" placeholder=\"Pr\u00e9nom\" value=\"\" type=\"text\" name=\"first-name\" \/><\/span>\n\t\t\t<\/p>\n\t\t<\/div>\n\t\t<div class=\"col-md-6\">\n\t\t\t<p><label class=\"form-label\">Nom de famille<\/label><span class=\"wpcf7-form-control-wrap\" data-name=\"last-name\"><input size=\"40\" maxlength=\"400\" class=\"wpcf7-form-control wpcf7-text wpcf7-validates-as-required field\" aria-required=\"true\" aria-invalid=\"false\" placeholder=\"Nom de famille\" value=\"\" type=\"text\" name=\"last-name\" \/><\/span>\n\t\t\t<\/p>\n\t\t<\/div>\n\t\t<div class=\"col-md-12\">\n\t\t\t<p><label class=\"form-label\">E-mail<\/label><span class=\"wpcf7-form-control-wrap\" data-name=\"your-email\"><input size=\"40\" maxlength=\"400\" class=\"wpcf7-form-control wpcf7-email wpcf7-validates-as-required wpcf7-text wpcf7-validates-as-email field\" aria-required=\"true\" aria-invalid=\"false\" placeholder=\"your@company.com\" value=\"\" type=\"email\" name=\"your-email\" \/><\/span>\n\t\t\t<\/p>\n\t\t<\/div>\n\t\t<div class=\"col-md-12\">\n\t\t\t<p><label class=\"form-label\">Num\u00e9ro de t\u00e9l\u00e9phone<\/label><span class=\"wpcf7-form-control-wrap\" data-name=\"phone-number\"><input size=\"40\" maxlength=\"400\" class=\"wpcf7-form-control wpcf7-tel wpcf7-validates-as-required wpcf7-text wpcf7-validates-as-tel field\" aria-required=\"true\" aria-invalid=\"false\" placeholder=\"+1 (555) 000-0000\" value=\"\" type=\"tel\" name=\"phone-number\" \/><\/span>\n\t\t\t<\/p>\n\t\t<\/div>\n\t\t<div class=\"col-md-12\">\n\t\t\t<p><label class=\"form-label\">Message<\/label><span class=\"wpcf7-form-control-wrap\" data-name=\"your-message\"><textarea cols=\"40\" rows=\"10\" maxlength=\"2000\" class=\"wpcf7-form-control wpcf7-textarea field\" aria-invalid=\"false\" placeholder=\"Laissez-nous un message\" name=\"your-message\"><\/textarea><\/span>\n\t\t\t<\/p>\n\t\t<\/div>\n\t\t<div class=\"col-md-12 agreement-checkbox\">\n\t\t\t<p><span class=\"wpcf7-form-control-wrap\" data-name=\"agreement-policy\"><span class=\"wpcf7-form-control wpcf7-checkbox wpcf7-validates-as-required\"><span class=\"wpcf7-list-item first last\"><label><input type=\"checkbox\" name=\"agreement-policy[]\" value=\"You agree to our friendly\" \/><span class=\"wpcf7-list-item-label\">You agree to our friendly<\/span><\/label><\/span><\/span><\/span><span><a href=\"https:\/\/andtekki.com\/privacy-policy\/\" style=\"text-decoration: underline;\">privacy policy<\/a><br \/>\n<\/span>\n\t\t\t<\/p>\n\t\t<\/div>\n\t\t<div class=\"col-md-12\">\n\t\t\t<p><input class=\"wpcf7-form-control wpcf7-submit has-spinner submit-btn\" type=\"submit\" value=\"Soumettre\" \/>\n\t\t\t<\/p>\n\t\t<\/div>\n\t<\/div>\n<\/div><input type=\"hidden\" id=\"ct_checkjs_cf7_735b90b4568125ed6c3f678819b6e058\" name=\"ct_checkjs_cf7\" value=\"0\" \/><script >setTimeout(function(){var ct_input_name = \"ct_checkjs_cf7_735b90b4568125ed6c3f678819b6e058\";if (document.getElementById(ct_input_name) !== null) {var ct_input_value = document.getElementById(ct_input_name).value;document.getElementById(ct_input_name).value = document.getElementById(ct_input_name).value.replace(ct_input_value, '3c87fa393ef00588707be7a34e06f3d04e75b972dd739beebfb6ede246b3da9e');}}, 1000);<\/script><input\n                    class=\"apbct_special_field apbct_email_id__wp_contact_form_7\"\n                    name=\"apbct__email_id__wp_contact_form_7\"\n                    aria-label=\"apbct__label_id__wp_contact_form_7\"\n                    type=\"text\" size=\"30\" maxlength=\"200\" autocomplete=\"off\"\n                    value=\"\"\n                \/><div class=\"wpcf7-response-output\" aria-hidden=\"true\"><\/div>\n<\/form>\n<\/div>\n<\/div><\/div><\/div><\/div>\n<\/div>","protected":false},"excerpt":{"rendered":"First name Last name Email Phone number Message You agree to our friendlyprivacy policy","protected":false},"author":1,"featured_media":0,"parent":0,"menu_order":0,"comment_status":"closed","ping_status":"closed","template":"","meta":{"_acf_changed":false,"footnotes":""},"class_list":["post-316","page","type-page","status-publish","hentry"],"acf":[],"_links":{"self":[{"href":"https:\/\/andtekki.com\/fr\/wp-json\/wp\/v2\/pages\/316","targetHints":{"allow":["GET"]}}],"collection":[{"href":"https:\/\/andtekki.com\/fr\/wp-json\/wp\/v2\/pages"}],"about":[{"href":"https:\/\/andtekki.com\/fr\/wp-json\/wp\/v2\/types\/page"}],"author":[{"embeddable":true,"href":"https:\/\/andtekki.com\/fr\/wp-json\/wp\/v2\/users\/1"}],"replies":[{"embeddable":true,"href":"https:\/\/andtekki.com\/fr\/wp-json\/wp\/v2\/comments?post=316"}],"version-history":[{"count":4,"href":"https:\/\/andtekki.com\/fr\/wp-json\/wp\/v2\/pages\/316\/revisions"}],"predecessor-version":[{"id":347,"href":"https:\/\/andtekki.com\/fr\/wp-json\/wp\/v2\/pages\/316\/revisions\/347"}],"wp:attachment":[{"href":"https:\/\/andtekki.com\/fr\/wp-json\/wp\/v2\/media?parent=316"}],"curies":[{"name":"wp","href":"https:\/\/api.w.org\/{rel}","templated":true}]}}