{"id":317,"date":"2025-02-08T10:46:00","date_gmt":"2025-02-08T10:46:00","guid":{"rendered":"https:\/\/andtekki.com\/?page_id=317"},"modified":"2025-03-16T08:38:46","modified_gmt":"2025-03-16T08:38:46","slug":"faqs","status":"publish","type":"page","link":"https:\/\/andtekki.com\/fr\/faqs\/","title":{"rendered":"Faqs"},"content":{"rendered":"<div class=\"wpb-content-wrapper\"><div class=\"vc_row wpb_row vc_row-fluid works-row vc_custom_1739014007798 wd-rs-67a73f707b357\"><div class=\"wpb_column vc_column_container vc_col-sm-12 vc_col-md-6 wd-rs-67d378da54fa4\"><div class=\"vc_column-inner\"><div class=\"wpb_wrapper\">\t\t\t<div class=\"info-box-wrapper\">\n\t\t\t\t<div id=\"wd-67a73f936d871\" class=\"wd-rs-67a73f936d871 wd-info-box wd-wpb text-left box-icon-align-top box-style- color-scheme- wd-bg-none\">\n\t\t\t\t\t\t\t\t\t\t<div class=\"info-box-content\">\n\t\t\t\t\t\t<h2 class=\"info-box-title title wd-font-weight-400 box-title-style-default font-primary wd-fontsize-m translation-block\">Questions<br>fr\u00e9quemment pos\u00e9es<\/h2>\t\t\t\t\t\t<div class=\"info-box-inner reset-last-child\"><\/div>\n\n\t\t\t\t\t\t\t\t\t\t\t<\/div>\n\n\t\t\t\t\t\n\t\t\t\t\t<style><\/style>\t\t\t\t<\/div>\n\t\t\t<\/div>\n\t\t<\/div><\/div><\/div><div class=\"wpb_column faq-content-col vc_column_container vc_col-sm-12 vc_col-md-6 wd-rs-67d378e4c80a0\"><div class=\"vc_column-inner\"><div class=\"wpb_wrapper\">\t\t\t<div class=\"info-box-wrapper\">\n\t\t\t\t<div id=\"wd-67bf68816159f\" class=\"wd-rs-67bf68816159f wd-info-box wd-wpb text-left box-icon-align-top box-style- color-scheme- wd-bg-none\">\n\t\t\t\t\t\t\t\t\t\t<div class=\"info-box-content\">\n\t\t\t\t\t\t<h3 class=\"info-box-title title wd-font-weight-600 box-title-style-default font-primary wd-fontsize-m\">Questions g\u00e9n\u00e9rales<\/h3>\t\t\t\t\t\t<div class=\"info-box-inner reset-last-child\"><\/div>\n\n\t\t\t\t\t\t\t\t\t\t\t<\/div>\n\n\t\t\t\t\t\n\t\t\t\t\t<style><\/style>\t\t\t\t<\/div>\n\t\t\t<\/div>\n\t\t<div  class=\"vc_do_toggle vc_toggle vc_toggle_default vc_toggle_color_default vc_toggle_size_md\"><div class=\"vc_toggle_title\"><h4>Qu'est-ce que AND TEKKI?<\/h4><i class=\"vc_toggle_icon\"><\/i><\/div><div class=\"vc_toggle_content\"><p>AND TEKKI est une plateforme innovante con\u00e7ue pour connecter les entrepreneurs avec des investisseurs potentiels. Elle offre un espace fluide o\u00f9 les entrepreneurs peuvent pr\u00e9senter leurs projets et id\u00e9es, tandis que les investisseurs peuvent d\u00e9couvrir et soutenir des entreprises prometteuses \u00e0 diff\u00e9rentes \u00e9tapes de leur d\u00e9veloppement.<\/p>\n<\/div><\/div><div  class=\"vc_do_toggle vc_toggle vc_toggle_default vc_toggle_color_default vc_toggle_size_md\"><div class=\"vc_toggle_title\"><h4>Comment fonctionne AND TEKKI?<\/h4><i class=\"vc_toggle_icon\"><\/i><\/div><div class=\"vc_toggle_content\"><p>AND TEKKI fonctionne en permettant aux entrepreneurs de cr\u00e9er des profils d\u00e9taill\u00e9s pour leurs startups, incluant des plans d'affaires, des besoins de financement et des projections de croissance. Les investisseurs peuvent parcourir ces profils et investir dans les projets qui correspondent \u00e0 leurs int\u00e9r\u00eats et objectifs financiers.<\/p>\n<\/div><\/div><div  class=\"vc_do_toggle vc_toggle vc_toggle_default vc_toggle_color_default vc_toggle_size_md\"><div class=\"vc_toggle_title\"><h4>Qui peut utiliser AND TEKKI pour trouver des investisseurs?<\/h4><i class=\"vc_toggle_icon\"><\/i><\/div><div class=\"vc_toggle_content\"><p>Tout entrepreneur ou propri\u00e9taire d'entreprise recherchant des financements pour lancer ou d\u00e9velopper son projet peut utiliser AND TEKKI. Que vous soyez en phase d'id\u00e9ation ou en pleine expansion, AND TEKKI met \u00e0 votre disposition les outils n\u00e9cessaires pour vous connecter avec les investisseurs adapt\u00e9s.<\/p>\n<\/div><\/div><div  class=\"vc_do_toggle vc_toggle vc_toggle_default vc_toggle_color_default vc_toggle_size_md\"><div class=\"vc_toggle_title\"><h4>Comment cr\u00e9er un profil sur AND TEKKI?<\/h4><i class=\"vc_toggle_icon\"><\/i><\/div><div class=\"vc_toggle_content\"><p>Pour cr\u00e9er un profil, inscrivez-vous sur la plateforme et remplissez un formulaire d\u00e9di\u00e9 aux entrepreneurs, en fournissant des informations sur votre entreprise, votre \u00e9quipe, votre produit et vos besoins en financement. Vous pouvez \u00e9galement t\u00e9l\u00e9charger des documents compl\u00e9mentaires tels que des pitch decks, des rapports financiers et des plans d'affaires.<\/p>\n<\/div><\/div><div  class=\"vc_do_toggle vc_toggle vc_toggle_default vc_toggle_color_default vc_toggle_size_md\"><div class=\"vc_toggle_title\"><h4>Y a-t-il des frais pour les entrepreneurs qui rejoignent AND TEKKI?<\/h4><i class=\"vc_toggle_icon\"><\/i><\/div><div class=\"vc_toggle_content\"><p>AND TEKKI ne facture aucun frais aux entrepreneurs.<\/p>\n<\/div><\/div><div  class=\"vc_do_toggle vc_toggle vc_toggle_default vc_toggle_color_default vc_toggle_size_md\"><div class=\"vc_toggle_title\"><h4>Comment attirer des investisseurs pour ma startup ?<\/h4><i class=\"vc_toggle_icon\"><\/i><\/div><div class=\"vc_toggle_content\"><p>Pour attirer des investisseurs, assurez-vous que votre projet soit complet, bien organis\u00e9 et qu'il mette en avant le potentiel de votre startup. Les investisseurs s'int\u00e9ressent particuli\u00e8rement aux plans d'affaires clairs, aux pr\u00e9visions financi\u00e8res r\u00e9alistes et \u00e0 une compr\u00e9hension approfondie du march\u00e9.<\/p>\n<\/div><\/div><div  class=\"vc_do_toggle vc_toggle vc_toggle_default vc_toggle_color_default vc_toggle_size_md\"><div class=\"vc_toggle_title\"><h4>Qui peut devenir investisseur sur AND TEKKI?<\/h4><i class=\"vc_toggle_icon\"><\/i><\/div><div class=\"vc_toggle_content\"><p>AND TEKKI accueille tous types d'investisseurs, qu'il s'agisse de business angels, de capital-risqueurs, d'investisseurs institutionnels ou d'investisseurs individuels cherchant \u00e0 explorer de nouvelles opportunit\u00e9s. Vous devez cr\u00e9er un profil d'investisseur v\u00e9rifi\u00e9 pour commencer \u00e0 examiner les opportunit\u00e9s de startups.<\/p>\n<\/div><\/div><div  class=\"vc_do_toggle vc_toggle vc_toggle_default vc_toggle_color_default vc_toggle_size_md\"><div class=\"vc_toggle_title\"><h4>Comment \u00e9valuer les startups sur AND TEKKI?<\/h4><i class=\"vc_toggle_icon\"><\/i><\/div><div class=\"vc_toggle_content\"><p>AND TEKKI propose des profils de startups d\u00e9taill\u00e9s avec des informations cl\u00e9s telles que les plans d\u2019affaires, les donn\u00e9es financi\u00e8res, les informations sur l\u2019\u00e9quipe et les projections de croissance. De plus, vous pouvez \u00e9changer avec les entrepreneurs pour poser des questions et en apprendre davantage sur leur entreprise.<\/p>\n<\/div><\/div><div  class=\"vc_do_toggle vc_toggle vc_toggle_default vc_toggle_color_default vc_toggle_size_md\"><div class=\"vc_toggle_title\"><h4>Y a-t-il des frais pour investir via AND TEKKI?<\/h4><i class=\"vc_toggle_icon\"><\/i><\/div><div class=\"vc_toggle_content\"><p>La cr\u00e9ation d\u2019un profil d\u2019investisseur sur AND TEKKI est gratuite, mais certaines opportunit\u00e9s d\u2019investissement peuvent entra\u00eener des frais de transaction ou des frais de service. Les conditions d\u00e9taill\u00e9es seront pr\u00e9cis\u00e9es pour chaque opportunit\u00e9 d\u2019investissement.<\/p>\n<\/div><\/div><div  class=\"vc_do_toggle vc_toggle vc_toggle_default vc_toggle_color_default vc_toggle_size_md\"><div class=\"vc_toggle_title\"><h4>Comment commencer \u00e0 investir?<\/h4><i class=\"vc_toggle_icon\"><\/i><\/div><div class=\"vc_toggle_content\"><p>Une fois que vous avez cr\u00e9\u00e9 et v\u00e9rifi\u00e9 votre profil d'investisseur, vous pouvez parcourir les opportunit\u00e9s d'investissement disponibles, demander plus d'informations et initier des investissements directement par l'interm\u00e9diaire de l'avocat de la plateforme.<\/p>\n<\/div><\/div><div  class=\"vc_do_toggle vc_toggle vc_toggle_default vc_toggle_color_default vc_toggle_size_md\"><div class=\"vc_toggle_title\"><h4>Mes informations sont-elles s\u00e9curis\u00e9es sur AND TEKKI?<\/h4><i class=\"vc_toggle_icon\"><\/i><\/div><div class=\"vc_toggle_content\"><p>Oui, nous accordons une grande importance \u00e0 votre confidentialit\u00e9. AND TEKKI utilise un chiffrement avanc\u00e9 et des protocoles de protection des donn\u00e9es pour garantir la s\u00e9curit\u00e9 de vos informations personnelles et professionnelles. Nous respectons les normes de l'industrie en mati\u00e8re de cybers\u00e9curit\u00e9 et les lois sur la protection de la vie priv\u00e9e.<\/p>\n<\/div><\/div><div  class=\"vc_do_toggle vc_toggle vc_toggle_default vc_toggle_color_default vc_toggle_size_md\"><div class=\"vc_toggle_title\"><h4>Les investisseurs et les entrepreneurs peuvent-ils garder leurs informations confidentielles?<\/h4><i class=\"vc_toggle_icon\"><\/i><\/div><div class=\"vc_toggle_content\"><p>Oui, les utilisateurs peuvent contr\u00f4ler les informations qu'ils partagent publiquement. Les entrepreneurs peuvent d\u00e9cider de la visibilit\u00e9 de leur plan d\u2019affaires ou de leurs donn\u00e9es financi\u00e8res pour les investisseurs potentiels, et les investisseurs peuvent g\u00e9rer les informations qu\u2019ils divulguent sur leurs int\u00e9r\u00eats d\u2019investissement.<\/p>\n<\/div><\/div><div  class=\"vc_do_toggle vc_toggle vc_toggle_default vc_toggle_color_default vc_toggle_size_md\"><div class=\"vc_toggle_title\"><h4>Comment puis-je obtenir de l'aide si j'ai des probl\u00e8mes avec mon compte?<\/h4><i class=\"vc_toggle_icon\"><\/i><\/div><div class=\"vc_toggle_content\"><p>Notre \u00e9quipe d'assistance est disponible pour vous aider. Vous pouvez nous contacter par e-mail ou via notre centre de support sur la plateforme pour toute question li\u00e9e \u00e0 votre compte ou toute autre demande g\u00e9n\u00e9rale.<\/p>\n<\/div><\/div><div  class=\"vc_do_toggle vc_toggle vc_toggle_default vc_toggle_color_default vc_toggle_size_md\"><div class=\"vc_toggle_title\"><h4>Offrez-vous un support client pour les utilisateurs internationaux?<\/h4><i class=\"vc_toggle_icon\"><\/i><\/div><div class=\"vc_toggle_content\"><p>Oui, AND TEKKI est une plateforme internationale et nous offrons un support client en plusieurs langues. Notre \u00e9quipe est disponible pour aider les utilisateurs de diff\u00e9rents fuseaux horaires et r\u00e9gions.<\/p>\n<\/div><\/div><div  class=\"vc_do_toggle vc_toggle vc_toggle_default vc_toggle_color_default vc_toggle_size_md\"><div class=\"vc_toggle_title\"><h4>Puis-je annuler mon compte?<\/h4><i class=\"vc_toggle_icon\"><\/i><\/div><div class=\"vc_toggle_content\"><p>Oui, les entrepreneurs et les investisseurs peuvent annuler leur compte \u00e0 tout moment. Il suffit de contacter notre \u00e9quipe de support pour lancer le processus d\u2019annulation, et nous vous guiderons \u00e0 travers les \u00e9tapes.<\/p>\n<\/div><\/div><\/div><\/div><\/div><\/div>\n<\/div>","protected":false},"excerpt":{"rendered":"Frequently asked questions General Questions What is AND TEKKI?AND TEKKI is an innovative platform designed to connect entrepreneurs with potential","protected":false},"author":1,"featured_media":0,"parent":0,"menu_order":0,"comment_status":"closed","ping_status":"closed","template":"","meta":{"_acf_changed":false,"footnotes":""},"class_list":["post-317","page","type-page","status-publish","hentry"],"acf":[],"_links":{"self":[{"href":"https:\/\/andtekki.com\/fr\/wp-json\/wp\/v2\/pages\/317","targetHints":{"allow":["GET"]}}],"collection":[{"href":"https:\/\/andtekki.com\/fr\/wp-json\/wp\/v2\/pages"}],"about":[{"href":"https:\/\/andtekki.com\/fr\/wp-json\/wp\/v2\/types\/page"}],"author":[{"embeddable":true,"href":"https:\/\/andtekki.com\/fr\/wp-json\/wp\/v2\/users\/1"}],"replies":[{"embeddable":true,"href":"https:\/\/andtekki.com\/fr\/wp-json\/wp\/v2\/comments?post=317"}],"version-history":[{"count":8,"href":"https:\/\/andtekki.com\/fr\/wp-json\/wp\/v2\/pages\/317\/revisions"}],"predecessor-version":[{"id":536,"href":"https:\/\/andtekki.com\/fr\/wp-json\/wp\/v2\/pages\/317\/revisions\/536"}],"wp:attachment":[{"href":"https:\/\/andtekki.com\/fr\/wp-json\/wp\/v2\/media?parent=317"}],"curies":[{"name":"wp","href":"https:\/\/api.w.org\/{rel}","templated":true}]}}